{"id":2,"date":"2025-04-16T12:00:13","date_gmt":"2025-04-16T12:00:13","guid":{"rendered":"https:\/\/sierramorenamaderascarbonderivados.rkinformatika.online\/?page_id=2"},"modified":"2025-05-05T07:20:51","modified_gmt":"2025-05-05T07:20:51","slug":"inicio","status":"publish","type":"page","link":"https:\/\/modasencarni.es\/en\/","title":{"rendered":"Home"},"content":{"rendered":"\t\t<div data-elementor-type=\"wp-page\" data-elementor-id=\"2\" class=\"elementor elementor-2\" data-elementor-post-type=\"page\">\n\t\t\t\t<div class=\"elementor-element elementor-element-740607f e-con-full e-flex e-con e-parent\" data-id=\"740607f\" data-element_type=\"container\" data-e-type=\"container\" data-settings=\"{&quot;background_background&quot;:&quot;classic&quot;,&quot;background_motion_fx_motion_fx_scrolling&quot;:&quot;yes&quot;,&quot;background_motion_fx_devices&quot;:[&quot;desktop&quot;,&quot;tablet&quot;,&quot;mobile&quot;]}\">\n\t\t<div class=\"elementor-element elementor-element-cb9d66e e-con-full e-flex e-con e-child\" data-id=\"cb9d66e\" data-element_type=\"container\" data-e-type=\"container\">\n\t\t<div class=\"elementor-element elementor-element-fcbc708 e-con-full e-flex e-con e-child\" data-id=\"fcbc708\" data-element_type=\"container\" data-e-type=\"container\">\n\t\t\t\t<div class=\"elementor-element elementor-element-7c0c27c animated-slow elementor-invisible elementor-widget elementor-widget-heading\" data-id=\"7c0c27c\" data-element_type=\"widget\" data-e-type=\"widget\" data-settings=\"{&quot;_animation&quot;:&quot;fadeInDown&quot;}\" data-widget_type=\"heading.default\">\n\t\t\t\t<div class=\"elementor-widget-container\">\n\t\t\t\t\t<h2 class=\"elementor-heading-title elementor-size-default\">\u00a1Bienvenidos a nuestro mundo de moda infantil y juvenil, <br>donde el estilo y la diversi\u00f3n crecen juntos!<\/h2>\t\t\t\t<\/div>\n\t\t\t\t<\/div>\n\t\t\t\t<\/div>\n\t\t\t\t<\/div>\n\t\t\t\t<div class=\"elementor-element elementor-element-fc17e05 elementor-align-center animated-slow elementor-invisible elementor-widget elementor-widget-button\" data-id=\"fc17e05\" data-element_type=\"widget\" data-e-type=\"widget\" data-settings=\"{&quot;_animation&quot;:&quot;fadeInUp&quot;}\" data-widget_type=\"button.default\">\n\t\t\t\t<div class=\"elementor-widget-container\">\n\t\t\t\t\t\t\t\t\t<div class=\"elementor-button-wrapper\">\n\t\t\t\t\t<a class=\"elementor-button elementor-button-link elementor-size-sm\" href=\"tel:%20955%20299%20736\">\n\t\t\t\t\t\t<span class=\"elementor-button-content-wrapper\">\n\t\t\t\t\t\t\t\t\t<span class=\"elementor-button-text\">Ll\u00e1manos<\/span>\n\t\t\t\t\t<\/span>\n\t\t\t\t\t<\/a>\n\t\t\t\t<\/div>\n\t\t\t\t\t\t\t\t<\/div>\n\t\t\t\t<\/div>\n\t\t\t\t<\/div>\n\t\t<div class=\"elementor-element elementor-element-3a0645f e-flex e-con-boxed e-con e-parent\" data-id=\"3a0645f\" data-element_type=\"container\" data-e-type=\"container\">\n\t\t\t\t\t<div class=\"e-con-inner\">\n\t\t<div class=\"elementor-element elementor-element-1fd3832 e-con-full e-flex e-con e-child\" data-id=\"1fd3832\" data-element_type=\"container\" data-e-type=\"container\" data-settings=\"{&quot;background_background&quot;:&quot;classic&quot;}\">\n\t\t\t\t<div class=\"elementor-element elementor-element-d80e900 elementor-widget elementor-widget-heading\" data-id=\"d80e900\" data-element_type=\"widget\" data-e-type=\"widget\" data-widget_type=\"heading.default\">\n\t\t\t\t<div class=\"elementor-widget-container\">\n\t\t\t\t\t<h2 class=\"elementor-heading-title elementor-size-default\">NUESTRA HISTORIA<\/h2>\t\t\t\t<\/div>\n\t\t\t\t<\/div>\n\t\t\t\t<div class=\"elementor-element elementor-element-6a0f015 elementor-widget elementor-widget-text-editor\" data-id=\"6a0f015\" data-element_type=\"widget\" data-e-type=\"widget\" data-widget_type=\"text-editor.default\">\n\t\t\t\t<div class=\"elementor-widget-container\">\n\t\t\t\t\t\t\t\t\t<p class=\"\" data-start=\"182\" data-end=\"498\">Somos una empresa familiar con m\u00e1s de 40 a\u00f1os de trayectoria, construida con dedicaci\u00f3n, cari\u00f1o y un firme compromiso con la calidad. A lo largo de las d\u00e9cadas, hemos pasado de generaci\u00f3n en generaci\u00f3n, manteniendo vivas nuestras ra\u00edces y valores, mientras nos renovamos constantemente para ofrecer siempre lo mejor.<\/p><p class=\"\" data-start=\"500\" data-end=\"766\">Desde nuestros inicios, hemos trabajado con pasi\u00f3n para brindar un servicio c\u00e1lido, confiable y personalizado. Cada paso que damos es pensando en nuestros peque\u00f1os clientes y en sus familias, buscando no solo vestir con estilo, sino tamb\u00e9m criar momentos especiales.<\/p><p class=\"\" data-start=\"768\" data-end=\"870\">Nuestra historia es de tradici\u00f3n, evoluci\u00f3n y amor por lo que hacemos. \u00a1Gracias por ser parte de ella!<\/p>\t\t\t\t\t\t\t\t<\/div>\n\t\t\t\t<\/div>\n\t\t\t\t<\/div>\n\t\t<div class=\"elementor-element elementor-element-857ad34 e-con-full e-flex e-con e-child\" data-id=\"857ad34\" data-element_type=\"container\" data-e-type=\"container\">\n\t\t\t\t<div class=\"elementor-element elementor-element-c714ba6 elementor-arrows-position-inside elementor-widget elementor-widget-image-carousel\" data-id=\"c714ba6\" data-element_type=\"widget\" data-e-type=\"widget\" data-settings=\"{&quot;slides_to_show&quot;:&quot;1&quot;,&quot;navigation&quot;:&quot;arrows&quot;,&quot;autoplay&quot;:&quot;yes&quot;,&quot;pause_on_hover&quot;:&quot;yes&quot;,&quot;pause_on_interaction&quot;:&quot;yes&quot;,&quot;autoplay_speed&quot;:5000,&quot;infinite&quot;:&quot;yes&quot;,&quot;effect&quot;:&quot;slide&quot;,&quot;speed&quot;:500}\" data-widget_type=\"image-carousel.default\">\n\t\t\t\t<div class=\"elementor-widget-container\">\n\t\t\t\t\t\t\t<div class=\"elementor-image-carousel-wrapper swiper\" role=\"region\" aria-roledescription=\"carousel\" aria-label=\"Carrusel de im\u00e1genes\" dir=\"ltr\">\n\t\t\t<div class=\"elementor-image-carousel swiper-wrapper\" aria-live=\"off\">\n\t\t\t\t\t\t\t\t<div class=\"swiper-slide\" role=\"group\" aria-roledescription=\"slide\" aria-label=\"1 de 6\"><figure class=\"swiper-slide-inner\"><img decoding=\"async\" class=\"swiper-slide-image\" src=\"https:\/\/modasencarni.es\/wp-content\/uploads\/2025\/04\/77b40763-7b03-4b53-9051-e9a31a32a538-176x300.jpg\" alt=\"77b40763-7b03-4b53-9051-e9a31a32a538\" \/><\/figure><\/div><div class=\"swiper-slide\" role=\"group\" aria-roledescription=\"slide\" aria-label=\"2 de 6\"><figure class=\"swiper-slide-inner\"><img decoding=\"async\" class=\"swiper-slide-image\" src=\"https:\/\/modasencarni.es\/wp-content\/uploads\/2025\/04\/c6f29634-fad4-4c12-a3bd-1b70990e119d-e1746429495302-233x300.jpg\" alt=\"c6f29634-fad4-4c12-a3bd-1b70990e119d\" \/><\/figure><\/div><div class=\"swiper-slide\" role=\"group\" aria-roledescription=\"slide\" aria-label=\"3 de 6\"><figure class=\"swiper-slide-inner\"><img decoding=\"async\" class=\"swiper-slide-image\" src=\"https:\/\/modasencarni.es\/wp-content\/uploads\/2025\/04\/f87108dd-029d-44b6-8b6a-64fd49792bb5-214x300.jpg\" alt=\"f87108dd-029d-44b6-8b6a-64fd49792bb5\" \/><\/figure><\/div><div class=\"swiper-slide\" role=\"group\" aria-roledescription=\"slide\" aria-label=\"4 de 6\"><figure class=\"swiper-slide-inner\"><img decoding=\"async\" class=\"swiper-slide-image\" src=\"https:\/\/modasencarni.es\/wp-content\/uploads\/2025\/04\/65132df0-66eb-49ee-a9c9-88e07d5ef7f0-225x300.jpg\" alt=\"65132df0-66eb-49ee-a9c9-88e07d5ef7f0\" \/><\/figure><\/div><div class=\"swiper-slide\" role=\"group\" aria-roledescription=\"slide\" aria-label=\"5 de 6\"><figure class=\"swiper-slide-inner\"><img decoding=\"async\" class=\"swiper-slide-image\" src=\"https:\/\/modasencarni.es\/wp-content\/uploads\/2025\/04\/e93a8800-0700-428b-a2df-0cfcc085a90f-300x225.jpg\" alt=\"e93a8800-0700-428b-a2df-0cfcc085a90f\" \/><\/figure><\/div><div class=\"swiper-slide\" role=\"group\" aria-roledescription=\"slide\" aria-label=\"6 de 6\"><figure class=\"swiper-slide-inner\"><img decoding=\"async\" class=\"swiper-slide-image\" src=\"https:\/\/modasencarni.es\/wp-content\/uploads\/2025\/04\/acb4f680-e83a-42aa-b07f-f14c148d7810-300x206.jpg\" alt=\"acb4f680-e83a-42aa-b07f-f14c148d7810\" \/><\/figure><\/div>\t\t\t<\/div>\n\t\t\t\t\t\t\t\t\t\t\t\t<div class=\"elementor-swiper-button elementor-swiper-button-prev\" role=\"button\" tabindex=\"0\">\n\t\t\t\t\t\t<svg aria-hidden=\"true\" class=\"e-font-icon-svg e-eicon-chevron-left\" viewBox=\"0 0 1000 1000\" xmlns=\"http:\/\/www.w3.org\/2000\/svg\"><path d=\"M646 125C629 125 613 133 604 142L308 442C296 454 292 471 292 487 292 504 296 521 308 533L604 854C617 867 629 875 646 875 663 875 679 871 692 858 704 846 713 829 713 812 713 796 708 779 692 767L438 487 692 225C700 217 708 204 708 187 708 171 704 154 692 142 675 129 663 125 646 125Z\"><\/path><\/svg>\t\t\t\t\t<\/div>\n\t\t\t\t\t<div class=\"elementor-swiper-button elementor-swiper-button-next\" role=\"button\" tabindex=\"0\">\n\t\t\t\t\t\t<svg aria-hidden=\"true\" class=\"e-font-icon-svg e-eicon-chevron-right\" viewBox=\"0 0 1000 1000\" xmlns=\"http:\/\/www.w3.org\/2000\/svg\"><path d=\"M696 533C708 521 713 504 713 487 713 471 708 454 696 446L400 146C388 133 375 125 354 125 338 125 325 129 313 142 300 154 292 171 292 187 292 204 296 221 308 233L563 492 304 771C292 783 288 800 288 817 288 833 296 850 308 863 321 871 338 875 354 875 371 875 388 867 400 854L696 533Z\"><\/path><\/svg>\t\t\t\t\t<\/div>\n\t\t\t\t\n\t\t\t\t\t\t\t\t\t<\/div>\n\t\t\t\t\t\t<\/div>\n\t\t\t\t<\/div>\n\t\t\t\t<\/div>\n\t\t\t\t\t<\/div>\n\t\t\t\t<\/div>\n\t\t<div class=\"elementor-element elementor-element-fbdb383 e-con-full e-flex e-con e-parent\" data-id=\"fbdb383\" data-element_type=\"container\" data-e-type=\"container\" data-settings=\"{&quot;background_background&quot;:&quot;classic&quot;}\">\n\t\t<div class=\"elementor-element elementor-element-74c0c11 e-con-full e-flex e-con e-child\" data-id=\"74c0c11\" data-element_type=\"container\" data-e-type=\"container\">\n\t\t<div class=\"elementor-element elementor-element-95f1355 e-con-full e-flex e-con e-child\" data-id=\"95f1355\" data-element_type=\"container\" data-e-type=\"container\">\n\t\t\t\t<div class=\"elementor-element elementor-element-ce1a17d animated-slow elementor-invisible elementor-widget elementor-widget-heading\" data-id=\"ce1a17d\" data-element_type=\"widget\" data-e-type=\"widget\" data-settings=\"{&quot;_animation&quot;:&quot;fadeInDown&quot;}\" data-widget_type=\"heading.default\">\n\t\t\t\t<div class=\"elementor-widget-container\">\n\t\t\t\t\t<h2 class=\"elementor-heading-title elementor-size-default\">\"Moda con actitud propia: aut\u00e9ntica, fresca y hecha para destacar.\"<\/h2>\t\t\t\t<\/div>\n\t\t\t\t<\/div>\n\t\t\t\t<\/div>\n\t\t\t\t<\/div>\n\t\t\t\t<div class=\"elementor-element elementor-element-8838bc2 elementor-align-center animated-slow elementor-invisible elementor-widget elementor-widget-button\" data-id=\"8838bc2\" data-element_type=\"widget\" data-e-type=\"widget\" data-settings=\"{&quot;_animation&quot;:&quot;fadeInUp&quot;}\" data-widget_type=\"button.default\">\n\t\t\t\t<div class=\"elementor-widget-container\">\n\t\t\t\t\t\t\t\t\t<div class=\"elementor-button-wrapper\">\n\t\t\t\t\t<a class=\"elementor-button elementor-button-link elementor-size-sm\" href=\"https:\/\/modasencarni.es\/servicio\/\">\n\t\t\t\t\t\t<span class=\"elementor-button-content-wrapper\">\n\t\t\t\t\t\t\t\t\t<span class=\"elementor-button-text\">Ver Servicios<\/span>\n\t\t\t\t\t<\/span>\n\t\t\t\t\t<\/a>\n\t\t\t\t<\/div>\n\t\t\t\t\t\t\t\t<\/div>\n\t\t\t\t<\/div>\n\t\t\t\t<\/div>\n\t\t\t\t<\/div>\n\t\t","protected":false},"excerpt":{"rendered":"<p>\u00a1Bienvenidos a nuestro mundo de moda infantil y juvenil, donde el estilo y la diversi\u00f3n crecen juntos! Ll\u00e1manos NUESTRA HISTORIA Somos una empresa familiar con m\u00e1s de 40 a\u00f1os de trayectoria, construida con dedicaci\u00f3n, cari\u00f1o y un firme compromiso con la calidad. A lo largo de las d\u00e9cadas, hemos pasado de generaci\u00f3n en generaci\u00f3n, manteniendo [&hellip;]<\/p>\n","protected":false},"author":1,"featured_media":0,"parent":0,"menu_order":0,"comment_status":"closed","ping_status":"closed","template":"elementor_canvas","meta":{"footnotes":""},"class_list":["post-2","page","type-page","status-publish","hentry"],"yoast_head":"<!-- This site is optimized with the Yoast SEO plugin v27.5 - https:\/\/yoast.com\/product\/yoast-seo-wordpress\/ -->\n<title>Inicio - Modas Encarni<\/title>\n<meta name=\"robots\" content=\"index, follow, max-snippet:-1, max-image-preview:large, max-video-preview:-1\" \/>\n<link rel=\"canonical\" href=\"https:\/\/modasencarni.es\/en\/\" \/>\n<meta property=\"og:locale\" content=\"en_GB\" \/>\n<meta property=\"og:type\" content=\"article\" \/>\n<meta property=\"og:title\" content=\"Inicio - Modas Encarni\" \/>\n<meta property=\"og:description\" content=\"\u00a1Bienvenidos a nuestro mundo de moda infantil y juvenil, donde el estilo y la diversi\u00f3n crecen juntos! Ll\u00e1manos NUESTRA HISTORIA Somos una empresa familiar con m\u00e1s de 40 a\u00f1os de trayectoria, construida con dedicaci\u00f3n, cari\u00f1o y un firme compromiso con la calidad. A lo largo de las d\u00e9cadas, hemos pasado de generaci\u00f3n en generaci\u00f3n, manteniendo [&hellip;]\" \/>\n<meta property=\"og:url\" content=\"https:\/\/modasencarni.es\/en\/\" \/>\n<meta property=\"og:site_name\" content=\"Modas Encarni\" \/>\n<meta property=\"article:modified_time\" content=\"2025-05-05T07:20:51+00:00\" \/>\n<meta property=\"og:image\" content=\"https:\/\/modasencarni.es\/wp-content\/uploads\/2025\/04\/77b40763-7b03-4b53-9051-e9a31a32a538-176x300.jpg\" \/>\n<meta name=\"twitter:card\" content=\"summary_large_image\" \/>\n<meta name=\"twitter:label1\" content=\"Estimated reading time\" \/>\n\t<meta name=\"twitter:data1\" content=\"3 minutes\" \/>\n<script type=\"application\/ld+json\" class=\"yoast-schema-graph\">{\"@context\":\"https:\\\/\\\/schema.org\",\"@graph\":[{\"@type\":\"WebPage\",\"@id\":\"https:\\\/\\\/modasencarni.es\\\/\",\"url\":\"https:\\\/\\\/modasencarni.es\\\/\",\"name\":\"Inicio - Modas Encarni\",\"isPartOf\":{\"@id\":\"https:\\\/\\\/modasencarni.es\\\/#website\"},\"primaryImageOfPage\":{\"@id\":\"https:\\\/\\\/modasencarni.es\\\/#primaryimage\"},\"image\":{\"@id\":\"https:\\\/\\\/modasencarni.es\\\/#primaryimage\"},\"thumbnailUrl\":\"https:\\\/\\\/modasencarni.es\\\/wp-content\\\/uploads\\\/2025\\\/04\\\/77b40763-7b03-4b53-9051-e9a31a32a538-176x300.jpg\",\"datePublished\":\"2025-04-16T12:00:13+00:00\",\"dateModified\":\"2025-05-05T07:20:51+00:00\",\"breadcrumb\":{\"@id\":\"https:\\\/\\\/modasencarni.es\\\/#breadcrumb\"},\"inLanguage\":\"en-GB\",\"potentialAction\":[{\"@type\":\"ReadAction\",\"target\":[\"https:\\\/\\\/modasencarni.es\\\/\"]}]},{\"@type\":\"ImageObject\",\"inLanguage\":\"en-GB\",\"@id\":\"https:\\\/\\\/modasencarni.es\\\/#primaryimage\",\"url\":\"https:\\\/\\\/modasencarni.es\\\/wp-content\\\/uploads\\\/2025\\\/04\\\/77b40763-7b03-4b53-9051-e9a31a32a538-176x300.jpg\",\"contentUrl\":\"https:\\\/\\\/modasencarni.es\\\/wp-content\\\/uploads\\\/2025\\\/04\\\/77b40763-7b03-4b53-9051-e9a31a32a538-176x300.jpg\"},{\"@type\":\"BreadcrumbList\",\"@id\":\"https:\\\/\\\/modasencarni.es\\\/#breadcrumb\",\"itemListElement\":[{\"@type\":\"ListItem\",\"position\":1,\"name\":\"Portada\",\"item\":\"https:\\\/\\\/modasencarni.es\\\/\"},{\"@type\":\"ListItem\",\"position\":2,\"name\":\"Inicio\"}]},{\"@type\":\"WebSite\",\"@id\":\"https:\\\/\\\/modasencarni.es\\\/#website\",\"url\":\"https:\\\/\\\/modasencarni.es\\\/\",\"name\":\"Modas Encarni\",\"description\":\"Distribuci\u00f3n al por mayor\",\"publisher\":{\"@id\":\"https:\\\/\\\/modasencarni.es\\\/#organization\"},\"potentialAction\":[{\"@type\":\"SearchAction\",\"target\":{\"@type\":\"EntryPoint\",\"urlTemplate\":\"https:\\\/\\\/modasencarni.es\\\/?s={search_term_string}\"},\"query-input\":{\"@type\":\"PropertyValueSpecification\",\"valueRequired\":true,\"valueName\":\"search_term_string\"}}],\"inLanguage\":\"en-GB\"},{\"@type\":\"Organization\",\"@id\":\"https:\\\/\\\/modasencarni.es\\\/#organization\",\"name\":\"Modas Encarni\",\"url\":\"https:\\\/\\\/modasencarni.es\\\/\",\"logo\":{\"@type\":\"ImageObject\",\"inLanguage\":\"en-GB\",\"@id\":\"https:\\\/\\\/modasencarni.es\\\/#\\\/schema\\\/logo\\\/image\\\/\",\"url\":\"https:\\\/\\\/modasencarni.es\\\/wp-content\\\/uploads\\\/2025\\\/04\\\/cropped-cropped-icone-e-logo.png\",\"contentUrl\":\"https:\\\/\\\/modasencarni.es\\\/wp-content\\\/uploads\\\/2025\\\/04\\\/cropped-cropped-icone-e-logo.png\",\"width\":512,\"height\":512,\"caption\":\"Modas Encarni\"},\"image\":{\"@id\":\"https:\\\/\\\/modasencarni.es\\\/#\\\/schema\\\/logo\\\/image\\\/\"}}]}<\/script>\n<!-- \/ Yoast SEO plugin. -->","yoast_head_json":{"title":"Inicio - Modas Encarni","robots":{"index":"index","follow":"follow","max-snippet":"max-snippet:-1","max-image-preview":"max-image-preview:large","max-video-preview":"max-video-preview:-1"},"canonical":"https:\/\/modasencarni.es\/en\/","og_locale":"en_GB","og_type":"article","og_title":"Inicio - Modas Encarni","og_description":"\u00a1Bienvenidos a nuestro mundo de moda infantil y juvenil, donde el estilo y la diversi\u00f3n crecen juntos! Ll\u00e1manos NUESTRA HISTORIA Somos una empresa familiar con m\u00e1s de 40 a\u00f1os de trayectoria, construida con dedicaci\u00f3n, cari\u00f1o y un firme compromiso con la calidad. A lo largo de las d\u00e9cadas, hemos pasado de generaci\u00f3n en generaci\u00f3n, manteniendo [&hellip;]","og_url":"https:\/\/modasencarni.es\/en\/","og_site_name":"Modas Encarni","article_modified_time":"2025-05-05T07:20:51+00:00","og_image":[{"url":"https:\/\/modasencarni.es\/wp-content\/uploads\/2025\/04\/77b40763-7b03-4b53-9051-e9a31a32a538-176x300.jpg","type":"","width":"","height":""}],"twitter_card":"summary_large_image","twitter_misc":{"Estimated reading time":"3 minutes"},"schema":{"@context":"https:\/\/schema.org","@graph":[{"@type":"WebPage","@id":"https:\/\/modasencarni.es\/","url":"https:\/\/modasencarni.es\/","name":"Inicio - Modas Encarni","isPartOf":{"@id":"https:\/\/modasencarni.es\/#website"},"primaryImageOfPage":{"@id":"https:\/\/modasencarni.es\/#primaryimage"},"image":{"@id":"https:\/\/modasencarni.es\/#primaryimage"},"thumbnailUrl":"https:\/\/modasencarni.es\/wp-content\/uploads\/2025\/04\/77b40763-7b03-4b53-9051-e9a31a32a538-176x300.jpg","datePublished":"2025-04-16T12:00:13+00:00","dateModified":"2025-05-05T07:20:51+00:00","breadcrumb":{"@id":"https:\/\/modasencarni.es\/#breadcrumb"},"inLanguage":"en-GB","potentialAction":[{"@type":"ReadAction","target":["https:\/\/modasencarni.es\/"]}]},{"@type":"ImageObject","inLanguage":"en-GB","@id":"https:\/\/modasencarni.es\/#primaryimage","url":"https:\/\/modasencarni.es\/wp-content\/uploads\/2025\/04\/77b40763-7b03-4b53-9051-e9a31a32a538-176x300.jpg","contentUrl":"https:\/\/modasencarni.es\/wp-content\/uploads\/2025\/04\/77b40763-7b03-4b53-9051-e9a31a32a538-176x300.jpg"},{"@type":"BreadcrumbList","@id":"https:\/\/modasencarni.es\/#breadcrumb","itemListElement":[{"@type":"ListItem","position":1,"name":"Portada","item":"https:\/\/modasencarni.es\/"},{"@type":"ListItem","position":2,"name":"Inicio"}]},{"@type":"WebSite","@id":"https:\/\/modasencarni.es\/#website","url":"https:\/\/modasencarni.es\/","name":"Modas Encarni","description":"Distribuci\u00f3n al por mayor","publisher":{"@id":"https:\/\/modasencarni.es\/#organization"},"potentialAction":[{"@type":"SearchAction","target":{"@type":"EntryPoint","urlTemplate":"https:\/\/modasencarni.es\/?s={search_term_string}"},"query-input":{"@type":"PropertyValueSpecification","valueRequired":true,"valueName":"search_term_string"}}],"inLanguage":"en-GB"},{"@type":"Organization","@id":"https:\/\/modasencarni.es\/#organization","name":"Modas Encarni","url":"https:\/\/modasencarni.es\/","logo":{"@type":"ImageObject","inLanguage":"en-GB","@id":"https:\/\/modasencarni.es\/#\/schema\/logo\/image\/","url":"https:\/\/modasencarni.es\/wp-content\/uploads\/2025\/04\/cropped-cropped-icone-e-logo.png","contentUrl":"https:\/\/modasencarni.es\/wp-content\/uploads\/2025\/04\/cropped-cropped-icone-e-logo.png","width":512,"height":512,"caption":"Modas Encarni"},"image":{"@id":"https:\/\/modasencarni.es\/#\/schema\/logo\/image\/"}}]}},"_links":{"self":[{"href":"https:\/\/modasencarni.es\/en\/wp-json\/wp\/v2\/pages\/2","targetHints":{"allow":["GET"]}}],"collection":[{"href":"https:\/\/modasencarni.es\/en\/wp-json\/wp\/v2\/pages"}],"about":[{"href":"https:\/\/modasencarni.es\/en\/wp-json\/wp\/v2\/types\/page"}],"author":[{"embeddable":true,"href":"https:\/\/modasencarni.es\/en\/wp-json\/wp\/v2\/users\/1"}],"replies":[{"embeddable":true,"href":"https:\/\/modasencarni.es\/en\/wp-json\/wp\/v2\/comments?post=2"}],"version-history":[{"count":313,"href":"https:\/\/modasencarni.es\/en\/wp-json\/wp\/v2\/pages\/2\/revisions"}],"predecessor-version":[{"id":980,"href":"https:\/\/modasencarni.es\/en\/wp-json\/wp\/v2\/pages\/2\/revisions\/980"}],"wp:attachment":[{"href":"https:\/\/modasencarni.es\/en\/wp-json\/wp\/v2\/media?parent=2"}],"curies":[{"name":"wp","href":"https:\/\/api.w.org\/{rel}","templated":true}]}}